{"id":684,"date":"2019-01-21T12:13:47","date_gmt":"2019-01-21T11:13:47","guid":{"rendered":"http:\/\/www.hostalsantamarialablanca.es\/?page_id=684\/"},"modified":"2025-11-12T10:47:47","modified_gmt":"2025-11-12T09:47:47","slug":"contact","status":"publish","type":"page","link":"http:\/\/www.hostalsantamarialablanca.es\/en\/contact\/","title":{"rendered":"Contact"},"content":{"rendered":"\n<style type=\"text\/css\" data-created_by=\"avia_inline_auto\" id=\"style-css-av-19g5rg-34af22e695c06be7f57593837e238511\">\n.avia-section.av-19g5rg-34af22e695c06be7f57593837e238511 .av-parallax .av-parallax-inner{\nbackground-repeat:no-repeat;\nbackground-image:url(http:\/\/www.hostalsantamarialablanca.es\/wp-content\/uploads\/2017\/06\/contact-us-300x169.jpg);\nbackground-position:0% 0%;\nbackground-attachment:scroll;\n}\n<\/style>\n<div id='av_section_1'  class='avia-section av-19g5rg-34af22e695c06be7f57593837e238511 main_color avia-section-default avia-no-shadow  avia-builder-el-0  el_before_av_one_half  avia-builder-el-first  avia-full-stretch av-parallax-section avia-bg-style-parallax container_wrap sidebar_right'  data-section-bg-repeat='stretch'><div class='av-parallax' data-avia-parallax-ratio='0.3' ><div class='av-parallax-inner main_color avia-full-stretch'><\/div><\/div><div class='container av-section-cont-open' ><main  role=\"main\" itemprop=\"mainContentOfPage\"  class='template-page content  av-content-small alpha units'><div class='post-entry post-entry-type-page post-entry-684'><div class='entry-content-wrapper clearfix'>\n\n<style type=\"text\/css\" data-created_by=\"avia_inline_auto\" id=\"style-css-av-13w4dg-7b024cd0832eec98d7eadb0eb8852fe3\">\n#top .av-special-heading.av-13w4dg-7b024cd0832eec98d7eadb0eb8852fe3{\npadding-bottom:0;\ncolor:#ffffff;\nfont-size:60px;\n}\nbody .av-special-heading.av-13w4dg-7b024cd0832eec98d7eadb0eb8852fe3 .av-special-heading-tag .heading-char{\nfont-size:25px;\n}\n#top #wrap_all .av-special-heading.av-13w4dg-7b024cd0832eec98d7eadb0eb8852fe3 .av-special-heading-tag{\nfont-size:60px;\n}\n.av-special-heading.av-13w4dg-7b024cd0832eec98d7eadb0eb8852fe3 .special-heading-inner-border{\nborder-color:#ffffff;\n}\n.av-special-heading.av-13w4dg-7b024cd0832eec98d7eadb0eb8852fe3 .av-subheading{\nfont-size:18px;\n}\n\n@media only screen and (min-width: 480px) and (max-width: 767px){ \n#top #wrap_all .av-special-heading.av-13w4dg-7b024cd0832eec98d7eadb0eb8852fe3 .av-special-heading-tag{\nfont-size:0.8em;\n}\n}\n\n@media only screen and (max-width: 479px){ \n#top #wrap_all .av-special-heading.av-13w4dg-7b024cd0832eec98d7eadb0eb8852fe3 .av-special-heading-tag{\nfont-size:0.8em;\n}\n}\n<\/style>\n<div  class='av-special-heading av-13w4dg-7b024cd0832eec98d7eadb0eb8852fe3 av-special-heading-h1 custom-color-heading blockquote modern-quote  avia-builder-el-1  avia-builder-el-no-sibling  av-inherit-size'><h1 class='av-special-heading-tag '  itemprop=\"headline\"  >Contact<\/h1><div class='av_custom_color av-subheading av-subheading_below'><p>Hotel&#8217;s directions<\/p>\n<\/div><div class=\"special-heading-border\"><div class=\"special-heading-inner-border\"><\/div><\/div><\/div>\n<\/div><\/div><\/main><!-- close content main element --><\/div><\/div><div id='after_section_1'  class='main_color av_default_container_wrap container_wrap sidebar_right'  ><div class='container av-section-cont-open' ><div class='template-page content  av-content-small alpha units'><div class='post-entry post-entry-type-page post-entry-684'><div class='entry-content-wrapper clearfix'>\n\n<style type=\"text\/css\" data-created_by=\"avia_inline_auto\" id=\"style-css-av-ux8x0-548819c041765464d0fd94f46e64ff4c\">\n.flex_column.av-ux8x0-548819c041765464d0fd94f46e64ff4c{\nborder-radius:0px 0px 0px 0px;\npadding:0px 0px 0px 0px;\n}\n<\/style>\n<div  class='flex_column av-ux8x0-548819c041765464d0fd94f46e64ff4c av_one_half  avia-builder-el-2  el_after_av_section  el_before_av_one_half  avia-builder-el-first  first flex_column_div av-zero-column-padding  '     ><section  class='av_textblock_section av-t8iyk-85361c4e7019b4abf2998cb7947c44c4 '   itemscope=\"itemscope\" itemtype=\"https:\/\/schema.org\/CreativeWork\" ><div class='avia_textblock'  itemprop=\"text\" ><h3>Pensi\u00f3n Santa Mar\u00eda la Blanca<\/h3>\n<h5>Santa Mar\u00eda la Blanca, 28, Old Town, 41104 Seville, Spain<\/h5>\n<\/div><\/section><br \/>\n<section  class='av_textblock_section av-n8ml0-2cd75c98c1b6ca781bfdef4d02515ac9 '   itemscope=\"itemscope\" itemtype=\"https:\/\/schema.org\/CreativeWork\" ><div class='avia_textblock'  itemprop=\"text\" ><p><iframe src=\"https:\/\/www.google.com\/maps\/embed?pb=!1m18!1m12!1m3!1d3170.1646736032294!2d-5.989777823709595!3d37.385937734462544!2m3!1f0!2f0!3f0!3m2!1i1024!2i768!4f13.1!3m3!1m2!1s0xd126c1c1935150f%3A0x92e549584c5f8e8d!2sHostal%20Santa%20Mar%C3%ADa%20la%20Blanca!5e0!3m2!1sit!2ses!4v1762940289708!5m2!1sit!2ses\" width=\"600\" height=\"450\" style=\"border:0;\" allowfullscreen=\"\" loading=\"lazy\" referrerpolicy=\"no-referrer-when-downgrade\"><\/iframe><\/p>\n<\/div><\/section><\/p><\/div>\n<style type=\"text\/css\" data-created_by=\"avia_inline_auto\" id=\"style-css-av-ehpe4-788f03f57104fef26b4169e1165983fe\">\n.flex_column.av-ehpe4-788f03f57104fef26b4169e1165983fe{\nborder-radius:0px 0px 0px 0px;\npadding:0px 0px 0px 0px;\n}\n<\/style>\n<div  class='flex_column av-ehpe4-788f03f57104fef26b4169e1165983fe av_one_half  avia-builder-el-5  el_after_av_one_half  avia-builder-el-last  flex_column_div av-zero-column-padding  '     ><article  class='iconbox iconbox_left av-am35o-d3477ee6353c3a55e3424083c832d0f2  avia-builder-el-6  avia-builder-el-no-sibling '  itemscope=\"itemscope\" itemtype=\"https:\/\/schema.org\/CreativeWork\" ><div class=\"iconbox_content\"><header class=\"entry-content-header\"><div class=\"iconbox_icon heading-color\" aria-hidden='true' data-av_icon='' data-av_iconfont='entypo-fontello'><\/div><h3 class='iconbox_content_title '  itemprop=\"headline\" >CONTACT INFO<\/h3><\/header><div class='iconbox_content_container '  itemprop=\"text\" ><p><strong>Bookings<\/strong><\/p>\n<p>Check prices and book <a href=\"http:\/\/www.hostalsantamarialablanca.es\/book-now\"><strong><span style=\"color: #ff0000;\">here<\/span><\/strong><\/a>.<\/p>\n<\/div><\/div><footer class=\"entry-footer\"><\/footer><\/article><\/div><\/p>\n","protected":false},"excerpt":{"rendered":"","protected":false},"author":1,"featured_media":0,"parent":0,"menu_order":0,"comment_status":"closed","ping_status":"closed","template":"","meta":{"footnotes":""},"class_list":["post-684","page","type-page","status-publish","hentry"],"yoast_head":"<!-- This site is optimized with the Yoast SEO plugin v26.6 - https:\/\/yoast.com\/wordpress\/plugins\/seo\/ -->\n<title>Contact<\/title>\n<meta name=\"robots\" content=\"index, follow, max-snippet:-1, max-image-preview:large, max-video-preview:-1\" \/>\n<link rel=\"canonical\" href=\"http:\/\/www.hostalsantamarialablanca.es\/en\/contact\/\" \/>\n<meta property=\"og:locale\" content=\"en_US\" \/>\n<meta property=\"og:type\" content=\"article\" \/>\n<meta property=\"og:title\" content=\"Contact\" \/>\n<meta property=\"og:url\" content=\"http:\/\/www.hostalsantamarialablanca.es\/en\/contact\/\" \/>\n<meta property=\"og:site_name\" content=\"Pensi\u00f3n Santa Mar\u00eda la Blanca, Sevilla\" \/>\n<meta property=\"article:modified_time\" content=\"2025-11-12T09:47:47+00:00\" \/>\n<meta name=\"twitter:card\" content=\"summary_large_image\" \/>\n<meta name=\"twitter:label1\" content=\"Est. reading time\" \/>\n\t<meta name=\"twitter:data1\" content=\"1 minute\" \/>\n<script type=\"application\/ld+json\" class=\"yoast-schema-graph\">{\"@context\":\"https:\/\/schema.org\",\"@graph\":[{\"@type\":\"WebPage\",\"@id\":\"http:\/\/www.hostalsantamarialablanca.es\/en\/contact\/\",\"url\":\"http:\/\/www.hostalsantamarialablanca.es\/en\/contact\/\",\"name\":\"Contact\",\"isPartOf\":{\"@id\":\"https:\/\/www.hostalsantamarialablanca.es\/#website\"},\"datePublished\":\"2019-01-21T11:13:47+00:00\",\"dateModified\":\"2025-11-12T09:47:47+00:00\",\"breadcrumb\":{\"@id\":\"http:\/\/www.hostalsantamarialablanca.es\/en\/contact\/#breadcrumb\"},\"inLanguage\":\"en-US\",\"potentialAction\":[{\"@type\":\"ReadAction\",\"target\":[\"http:\/\/www.hostalsantamarialablanca.es\/en\/contact\/\"]}]},{\"@type\":\"BreadcrumbList\",\"@id\":\"http:\/\/www.hostalsantamarialablanca.es\/en\/contact\/#breadcrumb\",\"itemListElement\":[{\"@type\":\"ListItem\",\"position\":1,\"name\":\"Home\",\"item\":\"https:\/\/www.hostalsantamarialablanca.es\/en\/\"},{\"@type\":\"ListItem\",\"position\":2,\"name\":\"Contact\"}]},{\"@type\":\"WebSite\",\"@id\":\"https:\/\/www.hostalsantamarialablanca.es\/#website\",\"url\":\"https:\/\/www.hostalsantamarialablanca.es\/\",\"name\":\"Pensi\u00f3n Santa Mar\u00eda la Blanca, Sevilla\",\"description\":\"Pensi\u00f3n Santa Mar\u00eda la Blanca, Sevilla\",\"publisher\":{\"@id\":\"https:\/\/www.hostalsantamarialablanca.es\/#organization\"},\"potentialAction\":[{\"@type\":\"SearchAction\",\"target\":{\"@type\":\"EntryPoint\",\"urlTemplate\":\"https:\/\/www.hostalsantamarialablanca.es\/?s={search_term_string}\"},\"query-input\":{\"@type\":\"PropertyValueSpecification\",\"valueRequired\":true,\"valueName\":\"search_term_string\"}}],\"inLanguage\":\"en-US\"},{\"@type\":\"Organization\",\"@id\":\"https:\/\/www.hostalsantamarialablanca.es\/#organization\",\"name\":\"Hostal R\u00edo Paran\u00e1\",\"url\":\"https:\/\/www.hostalsantamarialablanca.es\/\",\"logo\":{\"@type\":\"ImageObject\",\"inLanguage\":\"en-US\",\"@id\":\"https:\/\/www.hostalsantamarialablanca.es\/#\/schema\/logo\/image\/\",\"url\":\"http:\/\/www.hostalsantamarialablanca.es\/wp-content\/uploads\/2019\/06\/Hostal-rio-paran\u00e1.png\",\"contentUrl\":\"http:\/\/www.hostalsantamarialablanca.es\/wp-content\/uploads\/2019\/06\/Hostal-rio-paran\u00e1.png\",\"width\":500,\"height\":500,\"caption\":\"Hostal R\u00edo Paran\u00e1\"},\"image\":{\"@id\":\"https:\/\/www.hostalsantamarialablanca.es\/#\/schema\/logo\/image\/\"}}]}<\/script>\n<!-- \/ Yoast SEO plugin. -->","yoast_head_json":{"title":"Contact","robots":{"index":"index","follow":"follow","max-snippet":"max-snippet:-1","max-image-preview":"max-image-preview:large","max-video-preview":"max-video-preview:-1"},"canonical":"http:\/\/www.hostalsantamarialablanca.es\/en\/contact\/","og_locale":"en_US","og_type":"article","og_title":"Contact","og_url":"http:\/\/www.hostalsantamarialablanca.es\/en\/contact\/","og_site_name":"Pensi\u00f3n Santa Mar\u00eda la Blanca, Sevilla","article_modified_time":"2025-11-12T09:47:47+00:00","twitter_card":"summary_large_image","twitter_misc":{"Est. reading time":"1 minute"},"schema":{"@context":"https:\/\/schema.org","@graph":[{"@type":"WebPage","@id":"http:\/\/www.hostalsantamarialablanca.es\/en\/contact\/","url":"http:\/\/www.hostalsantamarialablanca.es\/en\/contact\/","name":"Contact","isPartOf":{"@id":"https:\/\/www.hostalsantamarialablanca.es\/#website"},"datePublished":"2019-01-21T11:13:47+00:00","dateModified":"2025-11-12T09:47:47+00:00","breadcrumb":{"@id":"http:\/\/www.hostalsantamarialablanca.es\/en\/contact\/#breadcrumb"},"inLanguage":"en-US","potentialAction":[{"@type":"ReadAction","target":["http:\/\/www.hostalsantamarialablanca.es\/en\/contact\/"]}]},{"@type":"BreadcrumbList","@id":"http:\/\/www.hostalsantamarialablanca.es\/en\/contact\/#breadcrumb","itemListElement":[{"@type":"ListItem","position":1,"name":"Home","item":"https:\/\/www.hostalsantamarialablanca.es\/en\/"},{"@type":"ListItem","position":2,"name":"Contact"}]},{"@type":"WebSite","@id":"https:\/\/www.hostalsantamarialablanca.es\/#website","url":"https:\/\/www.hostalsantamarialablanca.es\/","name":"Pensi\u00f3n Santa Mar\u00eda la Blanca, Sevilla","description":"Pensi\u00f3n Santa Mar\u00eda la Blanca, Sevilla","publisher":{"@id":"https:\/\/www.hostalsantamarialablanca.es\/#organization"},"potentialAction":[{"@type":"SearchAction","target":{"@type":"EntryPoint","urlTemplate":"https:\/\/www.hostalsantamarialablanca.es\/?s={search_term_string}"},"query-input":{"@type":"PropertyValueSpecification","valueRequired":true,"valueName":"search_term_string"}}],"inLanguage":"en-US"},{"@type":"Organization","@id":"https:\/\/www.hostalsantamarialablanca.es\/#organization","name":"Hostal R\u00edo Paran\u00e1","url":"https:\/\/www.hostalsantamarialablanca.es\/","logo":{"@type":"ImageObject","inLanguage":"en-US","@id":"https:\/\/www.hostalsantamarialablanca.es\/#\/schema\/logo\/image\/","url":"http:\/\/www.hostalsantamarialablanca.es\/wp-content\/uploads\/2019\/06\/Hostal-rio-paran\u00e1.png","contentUrl":"http:\/\/www.hostalsantamarialablanca.es\/wp-content\/uploads\/2019\/06\/Hostal-rio-paran\u00e1.png","width":500,"height":500,"caption":"Hostal R\u00edo Paran\u00e1"},"image":{"@id":"https:\/\/www.hostalsantamarialablanca.es\/#\/schema\/logo\/image\/"}}]}},"_links":{"self":[{"href":"http:\/\/www.hostalsantamarialablanca.es\/en\/wp-json\/wp\/v2\/pages\/684","targetHints":{"allow":["GET"]}}],"collection":[{"href":"http:\/\/www.hostalsantamarialablanca.es\/en\/wp-json\/wp\/v2\/pages"}],"about":[{"href":"http:\/\/www.hostalsantamarialablanca.es\/en\/wp-json\/wp\/v2\/types\/page"}],"author":[{"embeddable":true,"href":"http:\/\/www.hostalsantamarialablanca.es\/en\/wp-json\/wp\/v2\/users\/1"}],"replies":[{"embeddable":true,"href":"http:\/\/www.hostalsantamarialablanca.es\/en\/wp-json\/wp\/v2\/comments?post=684"}],"version-history":[{"count":7,"href":"http:\/\/www.hostalsantamarialablanca.es\/en\/wp-json\/wp\/v2\/pages\/684\/revisions"}],"predecessor-version":[{"id":1160,"href":"http:\/\/www.hostalsantamarialablanca.es\/en\/wp-json\/wp\/v2\/pages\/684\/revisions\/1160"}],"wp:attachment":[{"href":"http:\/\/www.hostalsantamarialablanca.es\/en\/wp-json\/wp\/v2\/media?parent=684"}],"curies":[{"name":"wp","href":"https:\/\/api.w.org\/{rel}","templated":true}]}}